{"id":5081,"date":"2022-07-13T14:03:51","date_gmt":"2022-07-13T12:03:51","guid":{"rendered":"https:\/\/laurentpetitceramist.com\/?page_id=5081"},"modified":"2025-06-25T19:50:15","modified_gmt":"2025-06-25T17:50:15","slug":"a-propos","status":"publish","type":"page","link":"https:\/\/laurentpetitceramist.com\/?page_id=5081","title":{"rendered":"\u00c0 propos"},"content":{"rendered":"\t\t<div data-elementor-type=\"wp-page\" data-elementor-id=\"5081\" class=\"elementor elementor-5081\">\n\t\t\t\t\t\t\t\t\t<section class=\"elementor-section elementor-top-section elementor-element elementor-element-e7e6c73 elementor-section-boxed elementor-section-height-default elementor-section-height-default qodef-elementor-content-no\" data-id=\"e7e6c73\" data-element_type=\"section\">\n\t\t\t\t\t\t<div class=\"elementor-container elementor-column-gap-default\">\n\t\t\t\t\t<div class=\"elementor-column elementor-col-33 elementor-top-column elementor-element elementor-element-c1536f5\" data-id=\"c1536f5\" data-element_type=\"column\">\n\t\t\t<div class=\"elementor-widget-wrap\">\n\t\t\t\t\t\t\t\t\t<\/div>\n\t\t<\/div>\n\t\t\t\t<div class=\"elementor-column elementor-col-33 elementor-top-column elementor-element elementor-element-a6f2d70\" data-id=\"a6f2d70\" data-element_type=\"column\">\n\t\t\t<div class=\"elementor-widget-wrap elementor-element-populated\">\n\t\t\t\t\t\t\t\t<div class=\"elementor-element elementor-element-fc44283 elementor-widget elementor-widget-image\" data-id=\"fc44283\" data-element_type=\"widget\" data-widget_type=\"image.default\">\n\t\t\t\t<div class=\"elementor-widget-container\">\n\t\t\t<style>\/*! elementor - v3.6.7 - 03-07-2022 *\/\n.elementor-widget-image{text-align:center}.elementor-widget-image a{display:inline-block}.elementor-widget-image a img[src$=\".svg\"]{width:48px}.elementor-widget-image img{vertical-align:middle;display:inline-block}<\/style>\t\t\t\t\t\t\t\t\t\t\t\t<img loading=\"lazy\" decoding=\"async\" width=\"650\" height=\"893\" src=\"https:\/\/laurentpetitceramist.com\/wp-content\/uploads\/2025\/06\/Laurent_Petit-650x893.jpg\" class=\"attachment-lekker_image_size_portrait size-lekker_image_size_portrait\" alt=\"\" \/>\t\t\t\t\t\t\t\t\t\t\t\t\t\t\t<\/div>\n\t\t\t\t<\/div>\n\t\t\t\t\t<\/div>\n\t\t<\/div>\n\t\t\t\t<div class=\"elementor-column elementor-col-33 elementor-top-column elementor-element elementor-element-c72cd94\" data-id=\"c72cd94\" data-element_type=\"column\">\n\t\t\t<div class=\"elementor-widget-wrap\">\n\t\t\t\t\t\t\t\t\t<\/div>\n\t\t<\/div>\n\t\t\t\t\t\t\t<\/div>\n\t\t<\/section>\n\t\t\t\t<section class=\"elementor-section elementor-top-section elementor-element elementor-element-5fdc7f0 elementor-section-boxed elementor-section-height-default elementor-section-height-default qodef-elementor-content-no\" data-id=\"5fdc7f0\" data-element_type=\"section\">\n\t\t\t\t\t\t<div class=\"elementor-container elementor-column-gap-default\">\n\t\t\t\t\t<div class=\"elementor-column elementor-col-100 elementor-top-column elementor-element elementor-element-83a2d44\" data-id=\"83a2d44\" data-element_type=\"column\">\n\t\t\t<div class=\"elementor-widget-wrap elementor-element-populated\">\n\t\t\t\t\t\t\t\t<div class=\"elementor-element elementor-element-3377de3 elementor-widget elementor-widget-text-editor\" data-id=\"3377de3\" data-element_type=\"widget\" data-widget_type=\"text-editor.default\">\n\t\t\t\t<div class=\"elementor-widget-container\">\n\t\t\t<style>\/*! elementor - v3.6.7 - 03-07-2022 *\/\n.elementor-widget-text-editor.elementor-drop-cap-view-stacked .elementor-drop-cap{background-color:#818a91;color:#fff}.elementor-widget-text-editor.elementor-drop-cap-view-framed .elementor-drop-cap{color:#818a91;border:3px solid;background-color:transparent}.elementor-widget-text-editor:not(.elementor-drop-cap-view-default) .elementor-drop-cap{margin-top:8px}.elementor-widget-text-editor:not(.elementor-drop-cap-view-default) .elementor-drop-cap-letter{width:1em;height:1em}.elementor-widget-text-editor .elementor-drop-cap{float:left;text-align:center;line-height:1;font-size:50px}.elementor-widget-text-editor .elementor-drop-cap-letter{display:inline-block}<\/style>\t\t\t\t<p>Laurent Petit est n\u00e9 \u00e0 Bourges en 1962. Dipl\u00f4m\u00e9 de l&rsquo;E.N.S. des Arts D\u00e9coratifs de Paris il a \u00e9t\u00e9 designer industriel dans une grande entreprise d\u2019\u00e9lectrom\u00e9nager pendant 6 ans. C\u2019est un v\u00e9ritable coup de foudre pour la c\u00e9ramique qui l\u2019a conduit \u00e0 quitter le design pour suivre en 1995 la formation de la Maison de la C\u00e9ramique de Mulhouse. Depuis 1996 il vit et travaille \u00e0 Francueil en Touraine.<\/p>\n<p>Son engagement repose sur la volont\u00e9 de cr\u00e9er des \u0153uvres \u00e0 la fois sculpturales et picturales, en rupture avec la tradition, le pot et le bel \u00e9mail. De cette d\u00e9marche exigeante et passionn\u00e9e sont n\u00e9es plusieurs s\u00e9ries de sculptures c\u00e9ramiques : les <em>Presque-Objets <\/em>(2002-2006), les <em>El\u00e9buxes<\/em> (2007-2008), les <em>Arbologies <\/em>(2009-2017), les<em>Territoires Int\u00e9rieurs<\/em> (2010-2014). Depuis 2018, il d\u00e9veloppe en parall\u00e8le trois familles de c\u00e9ramiques : les<em>Vestiges<\/em>, les <em>Mythologies <\/em>et les <em>\u00c9l\u00e9gances du chaos<\/em>.&nbsp;<\/p>\t\t\t\t\t\t<\/div>\n\t\t\t\t<\/div>\n\t\t\t\t\t<\/div>\n\t\t<\/div>\n\t\t\t\t\t\t\t<\/div>\n\t\t<\/section>\n\t\t\t\t<section class=\"elementor-section elementor-top-section elementor-element elementor-element-a08cd81 elementor-section-boxed elementor-section-height-default elementor-section-height-default qodef-elementor-content-no\" data-id=\"a08cd81\" data-element_type=\"section\">\n\t\t\t\t\t\t<div class=\"elementor-container elementor-column-gap-default\">\n\t\t\t\t\t<div class=\"elementor-column elementor-col-100 elementor-top-column elementor-element elementor-element-df610b4\" data-id=\"df610b4\" data-element_type=\"column\">\n\t\t\t<div class=\"elementor-widget-wrap elementor-element-populated\">\n\t\t\t\t\t\t\t\t<section class=\"elementor-section elementor-inner-section elementor-element elementor-element-91b4dba elementor-section-boxed elementor-section-height-default elementor-section-height-default qodef-elementor-content-no\" data-id=\"91b4dba\" data-element_type=\"section\">\n\t\t\t\t\t\t<div class=\"elementor-container elementor-column-gap-default\">\n\t\t\t\t\t<div class=\"elementor-column elementor-col-50 elementor-inner-column elementor-element elementor-element-68a4a21\" data-id=\"68a4a21\" data-element_type=\"column\">\n\t\t\t<div class=\"elementor-widget-wrap elementor-element-populated\">\n\t\t\t\t\t\t\t\t<div class=\"elementor-element elementor-element-c650ffe elementor-widget elementor-widget-text-editor\" data-id=\"c650ffe\" data-element_type=\"widget\" data-widget_type=\"text-editor.default\">\n\t\t\t\t<div class=\"elementor-widget-container\">\n\t\t\t\t\t\t\t<h4>Parcours<\/h4>\t\t\t\t\t\t<\/div>\n\t\t\t\t<\/div>\n\t\t\t\t\t<\/div>\n\t\t<\/div>\n\t\t\t\t<div class=\"elementor-column elementor-col-50 elementor-inner-column elementor-element elementor-element-f0a596d\" data-id=\"f0a596d\" data-element_type=\"column\">\n\t\t\t<div class=\"elementor-widget-wrap elementor-element-populated\">\n\t\t\t\t\t\t\t\t<div class=\"elementor-element elementor-element-3a3b780 elementor-widget elementor-widget-text-editor\" data-id=\"3a3b780\" data-element_type=\"widget\" data-widget_type=\"text-editor.default\">\n\t\t\t\t<div class=\"elementor-widget-container\">\n\t\t\t\t\t\t\t<p>Dipl\u00f4m\u00e9 de l\u2019\u00c9cole Nationale Sup\u00e9rieure des Arts D\u00e9coratifs de Paris (1981-1985)<\/p>\n<p>Designer industriel (1989-1994)<\/p>\n<p>Formation de la Maison de la C\u00e9ramique de Mulhouse (1995) *<\/p>\n<p>Sculpteur-c\u00e9ramiste (depuis 1996)<\/p>\n<p>Membre de l&rsquo;Acad\u00e9mie Internationale de la C\u00e9ramique **<\/p>\n<p>Enseignement de la c\u00e9ramique :<br>\u00c9cole Municipale des Beaux-Arts de Ch\u00e2teauroux (2013-2022)<\/p>\n<p><\/p>\t\t\t\t\t\t<\/div>\n\t\t\t\t<\/div>\n\t\t\t\t\t<\/div>\n\t\t<\/div>\n\t\t\t\t\t\t\t<\/div>\n\t\t<\/section>\n\t\t\t\t\t<\/div>\n\t\t<\/div>\n\t\t\t\t\t\t\t<\/div>\n\t\t<\/section>\n\t\t\t\t<section class=\"elementor-section elementor-top-section elementor-element elementor-element-e8b4833 elementor-section-boxed elementor-section-height-default elementor-section-height-default qodef-elementor-content-no\" data-id=\"e8b4833\" data-element_type=\"section\">\n\t\t\t\t\t\t<div class=\"elementor-container elementor-column-gap-default\">\n\t\t\t\t\t<div class=\"elementor-column elementor-col-100 elementor-top-column elementor-element elementor-element-fe1edda\" data-id=\"fe1edda\" data-element_type=\"column\">\n\t\t\t<div class=\"elementor-widget-wrap elementor-element-populated\">\n\t\t\t\t\t\t\t\t<section class=\"elementor-section elementor-inner-section elementor-element elementor-element-b54fd4d elementor-section-boxed elementor-section-height-default elementor-section-height-default qodef-elementor-content-no\" data-id=\"b54fd4d\" data-element_type=\"section\">\n\t\t\t\t\t\t<div class=\"elementor-container elementor-column-gap-default\">\n\t\t\t\t\t<div class=\"elementor-column elementor-col-50 elementor-inner-column elementor-element elementor-element-0c06266\" data-id=\"0c06266\" data-element_type=\"column\">\n\t\t\t<div class=\"elementor-widget-wrap elementor-element-populated\">\n\t\t\t\t\t\t\t\t<div class=\"elementor-element elementor-element-fe8dbc1 elementor-widget elementor-widget-text-editor\" data-id=\"fe8dbc1\" data-element_type=\"widget\" data-widget_type=\"text-editor.default\">\n\t\t\t\t<div class=\"elementor-widget-container\">\n\t\t\t\t\t\t\t<h4>Techniques<br \/>c\u00e9ramiques<\/h4>\t\t\t\t\t\t<\/div>\n\t\t\t\t<\/div>\n\t\t\t\t\t<\/div>\n\t\t<\/div>\n\t\t\t\t<div class=\"elementor-column elementor-col-50 elementor-inner-column elementor-element elementor-element-c1269a0\" data-id=\"c1269a0\" data-element_type=\"column\">\n\t\t\t<div class=\"elementor-widget-wrap elementor-element-populated\">\n\t\t\t\t\t\t\t\t<div class=\"elementor-element elementor-element-acaff39 elementor-widget elementor-widget-text-editor\" data-id=\"acaff39\" data-element_type=\"widget\" data-widget_type=\"text-editor.default\">\n\t\t\t\t<div class=\"elementor-widget-container\">\n\t\t\t\t\t\t\t<p>Gr\u00e8s engob\u00e9s et \u00e9maill\u00e9s<br><\/p>\n<p>Modelage, estampage dans des moules en pl\u00e2tre<br><\/p>\n<p>Cuisson en four \u00e9lectrique \u00e0 1280\u00b0C<br><\/p>\n<p><\/p>\t\t\t\t\t\t<\/div>\n\t\t\t\t<\/div>\n\t\t\t\t\t<\/div>\n\t\t<\/div>\n\t\t\t\t\t\t\t<\/div>\n\t\t<\/section>\n\t\t\t\t\t<\/div>\n\t\t<\/div>\n\t\t\t\t\t\t\t<\/div>\n\t\t<\/section>\n\t\t\t\t<section class=\"elementor-section elementor-top-section elementor-element elementor-element-2237201 elementor-section-boxed elementor-section-height-default elementor-section-height-default qodef-elementor-content-no\" data-id=\"2237201\" data-element_type=\"section\">\n\t\t\t\t\t\t<div class=\"elementor-container elementor-column-gap-default\">\n\t\t\t\t\t<div class=\"elementor-column elementor-col-100 elementor-top-column elementor-element elementor-element-fc27b67\" data-id=\"fc27b67\" data-element_type=\"column\">\n\t\t\t<div class=\"elementor-widget-wrap elementor-element-populated\">\n\t\t\t\t\t\t\t\t<section class=\"elementor-section elementor-inner-section elementor-element elementor-element-ddb865e elementor-section-boxed elementor-section-height-default elementor-section-height-default qodef-elementor-content-no\" data-id=\"ddb865e\" data-element_type=\"section\">\n\t\t\t\t\t\t<div class=\"elementor-container elementor-column-gap-default\">\n\t\t\t\t\t<div class=\"elementor-column elementor-col-50 elementor-inner-column elementor-element elementor-element-1384554\" data-id=\"1384554\" data-element_type=\"column\">\n\t\t\t<div class=\"elementor-widget-wrap elementor-element-populated\">\n\t\t\t\t\t\t\t\t<div class=\"elementor-element elementor-element-4d8a5e8 elementor-widget elementor-widget-text-editor\" data-id=\"4d8a5e8\" data-element_type=\"widget\" data-widget_type=\"text-editor.default\">\n\t\t\t\t<div class=\"elementor-widget-container\">\n\t\t\t\t\t\t\t<p><b>* La Maison de la C\u00e9ramique de Mulhouse <\/b>est devenue en 2002 <strong>l\u2019Institut<\/strong> <strong>Europ\u00e9en des Arts C\u00e9ramiques (IEAC) <\/strong>\u00e0 Guebwiller en Alsace. <a href=\"http:\/\/www.arts-ceramiques.org\/\" target=\"_blank\" rel=\"noopener\">http:\/\/www.arts-ceramiques.org\/<\/a><\/p><p>\u00a0<\/p><p>\u00a0<\/p>\t\t\t\t\t\t<\/div>\n\t\t\t\t<\/div>\n\t\t\t\t\t<\/div>\n\t\t<\/div>\n\t\t\t\t<div class=\"elementor-column elementor-col-50 elementor-inner-column elementor-element elementor-element-226fcb7\" data-id=\"226fcb7\" data-element_type=\"column\">\n\t\t\t<div class=\"elementor-widget-wrap elementor-element-populated\">\n\t\t\t\t\t\t\t\t<div class=\"elementor-element elementor-element-ae607ba elementor-widget elementor-widget-text-editor\" data-id=\"ae607ba\" data-element_type=\"widget\" data-widget_type=\"text-editor.default\">\n\t\t\t\t<div class=\"elementor-widget-container\">\n\t\t\t\t\t\t\t<p><b>** L&rsquo;Acad\u00e9mie Internationale de la C\u00e9ramique<\/b> <b>(AIC)<\/b> est bas\u00e9e \u00e0 Gen\u00e8ve. L&rsquo;AIC compte plus de 800 membres. Elle a pour r\u00f4le de stimuler la fraternit\u00e9 et la communication entre les professionnels de la c\u00e9ramique de tous les pays. Elle encourage et soutient les plus hauts niveaux de qualit\u00e9 de production, au sein des diff\u00e9rentes cultures c\u00e9ramiques <a href=\"https:\/\/www.aic-iac.org\/\" target=\"_blank\" rel=\"noopener\">https:\/\/www.aic-iac.org\/<\/a><\/p><p>\u00a0<\/p>\t\t\t\t\t\t<\/div>\n\t\t\t\t<\/div>\n\t\t\t\t\t<\/div>\n\t\t<\/div>\n\t\t\t\t\t\t\t<\/div>\n\t\t<\/section>\n\t\t\t\t\t<\/div>\n\t\t<\/div>\n\t\t\t\t\t\t\t<\/div>\n\t\t<\/section>\n\t\t\t\t\t\t\t<\/div>\n\t\t","protected":false},"excerpt":{"rendered":"<p>Laurent Petit est n\u00e9 \u00e0 Bourges en 1962. Dipl\u00f4m\u00e9 de l&rsquo;E.N.S. des Arts D\u00e9coratifs de Paris il a \u00e9t\u00e9 designer industriel dans une grande entreprise d\u2019\u00e9lectrom\u00e9nager pendant 6 ans. C\u2019est un v\u00e9ritable coup de foudre pour la c\u00e9ramique qui l\u2019a conduit \u00e0 quitter le design pour suivre en 1995 la formation de la Maison de [&hellip;]<\/p>\n","protected":false},"author":2,"featured_media":0,"parent":0,"menu_order":0,"comment_status":"closed","ping_status":"closed","template":"page-full-width.php","meta":{"footnotes":""},"class_list":["post-5081","page","type-page","status-publish","hentry"],"yoast_head":"<!-- This site is optimized with the Yoast SEO plugin v20.11 - https:\/\/yoast.com\/wordpress\/plugins\/seo\/ -->\n<title>\u00c0 propos - Laurent Petit<\/title>\n<meta name=\"robots\" content=\"index, follow, max-snippet:-1, max-image-preview:large, max-video-preview:-1\" \/>\n<link rel=\"canonical\" href=\"https:\/\/laurentpetitceramist.com\/?page_id=5081\" \/>\n<meta property=\"og:locale\" content=\"fr_FR\" \/>\n<meta property=\"og:type\" content=\"article\" \/>\n<meta property=\"og:title\" content=\"\u00c0 propos - Laurent Petit\" \/>\n<meta property=\"og:description\" content=\"Laurent Petit est n\u00e9 \u00e0 Bourges en 1962. Dipl\u00f4m\u00e9 de l&rsquo;E.N.S. des Arts D\u00e9coratifs de Paris il a \u00e9t\u00e9 designer industriel dans une grande entreprise d\u2019\u00e9lectrom\u00e9nager pendant 6 ans. C\u2019est un v\u00e9ritable coup de foudre pour la c\u00e9ramique qui l\u2019a conduit \u00e0 quitter le design pour suivre en 1995 la formation de la Maison de [&hellip;]\" \/>\n<meta property=\"og:url\" content=\"https:\/\/laurentpetitceramist.com\/?page_id=5081\" \/>\n<meta property=\"og:site_name\" content=\"Laurent Petit\" \/>\n<meta property=\"article:modified_time\" content=\"2025-06-25T17:50:15+00:00\" \/>\n<meta property=\"og:image\" content=\"https:\/\/laurentpetitceramist.com\/wp-content\/uploads\/2025\/06\/Laurent_Petit-650x893.jpg\" \/>\n<meta name=\"twitter:card\" content=\"summary_large_image\" \/>\n<meta name=\"twitter:label1\" content=\"Dur\u00e9e de lecture estim\u00e9e\" \/>\n\t<meta name=\"twitter:data1\" content=\"2 minutes\" \/>\n<script type=\"application\/ld+json\" class=\"yoast-schema-graph\">{\"@context\":\"https:\/\/schema.org\",\"@graph\":[{\"@type\":\"WebPage\",\"@id\":\"https:\/\/laurentpetitceramist.com\/?page_id=5081\",\"url\":\"https:\/\/laurentpetitceramist.com\/?page_id=5081\",\"name\":\"\u00c0 propos - Laurent Petit\",\"isPartOf\":{\"@id\":\"https:\/\/laurentpetitceramist.com\/#website\"},\"datePublished\":\"2022-07-13T12:03:51+00:00\",\"dateModified\":\"2025-06-25T17:50:15+00:00\",\"breadcrumb\":{\"@id\":\"https:\/\/laurentpetitceramist.com\/?page_id=5081#breadcrumb\"},\"inLanguage\":\"fr-FR\",\"potentialAction\":[{\"@type\":\"ReadAction\",\"target\":[\"https:\/\/laurentpetitceramist.com\/?page_id=5081\"]}]},{\"@type\":\"BreadcrumbList\",\"@id\":\"https:\/\/laurentpetitceramist.com\/?page_id=5081#breadcrumb\",\"itemListElement\":[{\"@type\":\"ListItem\",\"position\":1,\"name\":\"Accueil\",\"item\":\"https:\/\/laurentpetitceramist.com\/\"},{\"@type\":\"ListItem\",\"position\":2,\"name\":\"\u00c0 propos\"}]},{\"@type\":\"WebSite\",\"@id\":\"https:\/\/laurentpetitceramist.com\/#website\",\"url\":\"https:\/\/laurentpetitceramist.com\/\",\"name\":\"Laurent Petit\",\"description\":\"Sculpteur c\u00e9ramiste\",\"publisher\":{\"@id\":\"https:\/\/laurentpetitceramist.com\/#organization\"},\"potentialAction\":[{\"@type\":\"SearchAction\",\"target\":{\"@type\":\"EntryPoint\",\"urlTemplate\":\"https:\/\/laurentpetitceramist.com\/?s={search_term_string}\"},\"query-input\":\"required name=search_term_string\"}],\"inLanguage\":\"fr-FR\"},{\"@type\":\"Organization\",\"@id\":\"https:\/\/laurentpetitceramist.com\/#organization\",\"name\":\"Laurent Petit\",\"url\":\"https:\/\/laurentpetitceramist.com\/\",\"logo\":{\"@type\":\"ImageObject\",\"inLanguage\":\"fr-FR\",\"@id\":\"https:\/\/laurentpetitceramist.com\/#\/schema\/logo\/image\/\",\"url\":\"https:\/\/laurentpetitceramist.com\/wp-content\/uploads\/2023\/05\/logo-avec-sceau.png\",\"contentUrl\":\"https:\/\/laurentpetitceramist.com\/wp-content\/uploads\/2023\/05\/logo-avec-sceau.png\",\"width\":876,\"height\":187,\"caption\":\"Laurent Petit\"},\"image\":{\"@id\":\"https:\/\/laurentpetitceramist.com\/#\/schema\/logo\/image\/\"}}]}<\/script>\n<!-- \/ Yoast SEO plugin. -->","yoast_head_json":{"title":"\u00c0 propos - Laurent Petit","robots":{"index":"index","follow":"follow","max-snippet":"max-snippet:-1","max-image-preview":"max-image-preview:large","max-video-preview":"max-video-preview:-1"},"canonical":"https:\/\/laurentpetitceramist.com\/?page_id=5081","og_locale":"fr_FR","og_type":"article","og_title":"\u00c0 propos - Laurent Petit","og_description":"Laurent Petit est n\u00e9 \u00e0 Bourges en 1962. Dipl\u00f4m\u00e9 de l&rsquo;E.N.S. des Arts D\u00e9coratifs de Paris il a \u00e9t\u00e9 designer industriel dans une grande entreprise d\u2019\u00e9lectrom\u00e9nager pendant 6 ans. C\u2019est un v\u00e9ritable coup de foudre pour la c\u00e9ramique qui l\u2019a conduit \u00e0 quitter le design pour suivre en 1995 la formation de la Maison de [&hellip;]","og_url":"https:\/\/laurentpetitceramist.com\/?page_id=5081","og_site_name":"Laurent Petit","article_modified_time":"2025-06-25T17:50:15+00:00","og_image":[{"url":"https:\/\/laurentpetitceramist.com\/wp-content\/uploads\/2025\/06\/Laurent_Petit-650x893.jpg"}],"twitter_card":"summary_large_image","twitter_misc":{"Dur\u00e9e de lecture estim\u00e9e":"2 minutes"},"schema":{"@context":"https:\/\/schema.org","@graph":[{"@type":"WebPage","@id":"https:\/\/laurentpetitceramist.com\/?page_id=5081","url":"https:\/\/laurentpetitceramist.com\/?page_id=5081","name":"\u00c0 propos - Laurent Petit","isPartOf":{"@id":"https:\/\/laurentpetitceramist.com\/#website"},"datePublished":"2022-07-13T12:03:51+00:00","dateModified":"2025-06-25T17:50:15+00:00","breadcrumb":{"@id":"https:\/\/laurentpetitceramist.com\/?page_id=5081#breadcrumb"},"inLanguage":"fr-FR","potentialAction":[{"@type":"ReadAction","target":["https:\/\/laurentpetitceramist.com\/?page_id=5081"]}]},{"@type":"BreadcrumbList","@id":"https:\/\/laurentpetitceramist.com\/?page_id=5081#breadcrumb","itemListElement":[{"@type":"ListItem","position":1,"name":"Accueil","item":"https:\/\/laurentpetitceramist.com\/"},{"@type":"ListItem","position":2,"name":"\u00c0 propos"}]},{"@type":"WebSite","@id":"https:\/\/laurentpetitceramist.com\/#website","url":"https:\/\/laurentpetitceramist.com\/","name":"Laurent Petit","description":"Sculpteur c\u00e9ramiste","publisher":{"@id":"https:\/\/laurentpetitceramist.com\/#organization"},"potentialAction":[{"@type":"SearchAction","target":{"@type":"EntryPoint","urlTemplate":"https:\/\/laurentpetitceramist.com\/?s={search_term_string}"},"query-input":"required name=search_term_string"}],"inLanguage":"fr-FR"},{"@type":"Organization","@id":"https:\/\/laurentpetitceramist.com\/#organization","name":"Laurent Petit","url":"https:\/\/laurentpetitceramist.com\/","logo":{"@type":"ImageObject","inLanguage":"fr-FR","@id":"https:\/\/laurentpetitceramist.com\/#\/schema\/logo\/image\/","url":"https:\/\/laurentpetitceramist.com\/wp-content\/uploads\/2023\/05\/logo-avec-sceau.png","contentUrl":"https:\/\/laurentpetitceramist.com\/wp-content\/uploads\/2023\/05\/logo-avec-sceau.png","width":876,"height":187,"caption":"Laurent Petit"},"image":{"@id":"https:\/\/laurentpetitceramist.com\/#\/schema\/logo\/image\/"}}]}},"_links":{"self":[{"href":"https:\/\/laurentpetitceramist.com\/index.php?rest_route=\/wp\/v2\/pages\/5081","targetHints":{"allow":["GET"]}}],"collection":[{"href":"https:\/\/laurentpetitceramist.com\/index.php?rest_route=\/wp\/v2\/pages"}],"about":[{"href":"https:\/\/laurentpetitceramist.com\/index.php?rest_route=\/wp\/v2\/types\/page"}],"author":[{"embeddable":true,"href":"https:\/\/laurentpetitceramist.com\/index.php?rest_route=\/wp\/v2\/users\/2"}],"replies":[{"embeddable":true,"href":"https:\/\/laurentpetitceramist.com\/index.php?rest_route=%2Fwp%2Fv2%2Fcomments&post=5081"}],"version-history":[{"count":61,"href":"https:\/\/laurentpetitceramist.com\/index.php?rest_route=\/wp\/v2\/pages\/5081\/revisions"}],"predecessor-version":[{"id":6675,"href":"https:\/\/laurentpetitceramist.com\/index.php?rest_route=\/wp\/v2\/pages\/5081\/revisions\/6675"}],"wp:attachment":[{"href":"https:\/\/laurentpetitceramist.com\/index.php?rest_route=%2Fwp%2Fv2%2Fmedia&parent=5081"}],"curies":[{"name":"wp","href":"https:\/\/api.w.org\/{rel}","templated":true}]}}