{"id":5570,"date":"2022-09-06T11:17:01","date_gmt":"2022-09-06T09:17:01","guid":{"rendered":"https:\/\/laurentpetitceramist.com\/?page_id=5570"},"modified":"2023-05-11T10:35:29","modified_gmt":"2023-05-11T08:35:29","slug":"credits","status":"publish","type":"page","link":"https:\/\/laurentpetitceramist.com\/?page_id=5570","title":{"rendered":"Cr\u00e9dits"},"content":{"rendered":"\t\t<div data-elementor-type=\"wp-page\" data-elementor-id=\"5570\" class=\"elementor elementor-5570\">\n\t\t\t\t\t\t\t\t\t<section class=\"elementor-section elementor-top-section elementor-element elementor-element-16234f0 elementor-section-boxed elementor-section-height-default elementor-section-height-default qodef-elementor-content-no\" data-id=\"16234f0\" data-element_type=\"section\">\n\t\t\t\t\t\t<div class=\"elementor-container elementor-column-gap-default\">\n\t\t\t\t\t<div class=\"elementor-column elementor-col-33 elementor-top-column elementor-element elementor-element-6889a90\" data-id=\"6889a90\" data-element_type=\"column\">\n\t\t\t<div class=\"elementor-widget-wrap\">\n\t\t\t\t\t\t\t\t\t<\/div>\n\t\t<\/div>\n\t\t\t\t<div class=\"elementor-column elementor-col-33 elementor-top-column elementor-element elementor-element-dbe16e9\" data-id=\"dbe16e9\" data-element_type=\"column\">\n\t\t\t<div class=\"elementor-widget-wrap elementor-element-populated\">\n\t\t\t\t\t\t\t\t<div class=\"elementor-element elementor-element-e3990a0 elementor-widget elementor-widget-text-editor\" data-id=\"e3990a0\" data-element_type=\"widget\" data-widget_type=\"text-editor.default\">\n\t\t\t\t<div class=\"elementor-widget-container\">\n\t\t\t<style>\/*! elementor - v3.6.7 - 03-07-2022 *\/\n.elementor-widget-text-editor.elementor-drop-cap-view-stacked .elementor-drop-cap{background-color:#818a91;color:#fff}.elementor-widget-text-editor.elementor-drop-cap-view-framed .elementor-drop-cap{color:#818a91;border:3px solid;background-color:transparent}.elementor-widget-text-editor:not(.elementor-drop-cap-view-default) .elementor-drop-cap{margin-top:8px}.elementor-widget-text-editor:not(.elementor-drop-cap-view-default) .elementor-drop-cap-letter{width:1em;height:1em}.elementor-widget-text-editor .elementor-drop-cap{float:left;text-align:center;line-height:1;font-size:50px}.elementor-widget-text-editor .elementor-drop-cap-letter{display:inline-block}<\/style>\t\t\t\t<h4>\u00c9quipe de r\u00e9alisation du site<\/h4><p><strong>Photographies<\/strong><\/p><p>Photos in situ : <a href=\"http:\/\/nathguyon.free.fr\/\" target=\"_blank\" rel=\"noopener\">Nathalie GUYON<\/a><\/p><p>Photo d&rsquo;exposition \u00e0 la Piscine : <a href=\"https:\/\/www.anthonygirardi.com\/\">Antony GIRARDI<\/a><\/p><p>Photos studio : Pascal VANGYSEL<\/p><p><strong>Conseils graphiques<\/strong><\/p><p>Pierrick JADAUD \u2013 L\u2019Atelier sur la Colline<\/p><p><strong>Expertise Technique<\/strong><\/p><p>Rapha\u00ebl THIRY \u2013 <a href=\"https:\/\/www.avelook.fr\/\" target=\"_blank\" rel=\"noopener\">Avelook<\/a><\/p><p><strong>Architecture de l\u2019information et r\u00e9alisation du site<\/strong><\/p><p>Laurence BERNA-LIBAULT \u2013 <a href=\"https:\/\/moietlesmedias.com\/\" target=\"_blank\" rel=\"noopener\">Association MOI ET LES M\u00c9DIAS<\/a><\/p>\t\t\t\t\t\t<\/div>\n\t\t\t\t<\/div>\n\t\t\t\t\t<\/div>\n\t\t<\/div>\n\t\t\t\t<div class=\"elementor-column elementor-col-33 elementor-top-column elementor-element elementor-element-d4f5252\" data-id=\"d4f5252\" data-element_type=\"column\">\n\t\t\t<div class=\"elementor-widget-wrap\">\n\t\t\t\t\t\t\t\t\t<\/div>\n\t\t<\/div>\n\t\t\t\t\t\t\t<\/div>\n\t\t<\/section>\n\t\t\t\t\t\t\t<\/div>\n\t\t","protected":false},"excerpt":{"rendered":"<p>\u00c9quipe de r\u00e9alisation du site Photographies Photos in situ : Nathalie GUYON Photo d&rsquo;exposition \u00e0 la Piscine : Antony GIRARDI Photos studio : Pascal VANGYSEL Conseils graphiques Pierrick JADAUD \u2013 L\u2019Atelier sur la Colline Expertise Technique Rapha\u00ebl THIRY \u2013 Avelook Architecture de l\u2019information et r\u00e9alisation du site Laurence BERNA-LIBAULT \u2013 Association MOI ET LES M\u00c9DIAS<\/p>\n","protected":false},"author":2,"featured_media":0,"parent":0,"menu_order":0,"comment_status":"closed","ping_status":"closed","template":"page-full-width.php","meta":{"footnotes":""},"class_list":["post-5570","page","type-page","status-publish","hentry"],"yoast_head":"<!-- This site is optimized with the Yoast SEO plugin v20.11 - https:\/\/yoast.com\/wordpress\/plugins\/seo\/ -->\n<title>Cr\u00e9dits - Laurent Petit<\/title>\n<meta name=\"robots\" content=\"index, follow, max-snippet:-1, max-image-preview:large, max-video-preview:-1\" \/>\n<link rel=\"canonical\" href=\"https:\/\/laurentpetitceramist.com\/?page_id=5570\" \/>\n<meta property=\"og:locale\" content=\"fr_FR\" \/>\n<meta property=\"og:type\" content=\"article\" \/>\n<meta property=\"og:title\" content=\"Cr\u00e9dits - Laurent Petit\" \/>\n<meta property=\"og:description\" content=\"\u00c9quipe de r\u00e9alisation du site Photographies Photos in situ : Nathalie GUYON Photo d&rsquo;exposition \u00e0 la Piscine : Antony GIRARDI Photos studio : Pascal VANGYSEL Conseils graphiques Pierrick JADAUD \u2013 L\u2019Atelier sur la Colline Expertise Technique Rapha\u00ebl THIRY \u2013 Avelook Architecture de l\u2019information et r\u00e9alisation du site Laurence BERNA-LIBAULT \u2013 Association MOI ET LES M\u00c9DIAS\" \/>\n<meta property=\"og:url\" content=\"https:\/\/laurentpetitceramist.com\/?page_id=5570\" \/>\n<meta property=\"og:site_name\" content=\"Laurent Petit\" \/>\n<meta property=\"article:modified_time\" content=\"2023-05-11T08:35:29+00:00\" \/>\n<meta name=\"twitter:card\" content=\"summary_large_image\" \/>\n<script type=\"application\/ld+json\" class=\"yoast-schema-graph\">{\"@context\":\"https:\/\/schema.org\",\"@graph\":[{\"@type\":\"WebPage\",\"@id\":\"https:\/\/laurentpetitceramist.com\/?page_id=5570\",\"url\":\"https:\/\/laurentpetitceramist.com\/?page_id=5570\",\"name\":\"Cr\u00e9dits - Laurent Petit\",\"isPartOf\":{\"@id\":\"https:\/\/laurentpetitceramist.com\/#website\"},\"datePublished\":\"2022-09-06T09:17:01+00:00\",\"dateModified\":\"2023-05-11T08:35:29+00:00\",\"breadcrumb\":{\"@id\":\"https:\/\/laurentpetitceramist.com\/?page_id=5570#breadcrumb\"},\"inLanguage\":\"fr-FR\",\"potentialAction\":[{\"@type\":\"ReadAction\",\"target\":[\"https:\/\/laurentpetitceramist.com\/?page_id=5570\"]}]},{\"@type\":\"BreadcrumbList\",\"@id\":\"https:\/\/laurentpetitceramist.com\/?page_id=5570#breadcrumb\",\"itemListElement\":[{\"@type\":\"ListItem\",\"position\":1,\"name\":\"Accueil\",\"item\":\"https:\/\/laurentpetitceramist.com\/\"},{\"@type\":\"ListItem\",\"position\":2,\"name\":\"Cr\u00e9dits\"}]},{\"@type\":\"WebSite\",\"@id\":\"https:\/\/laurentpetitceramist.com\/#website\",\"url\":\"https:\/\/laurentpetitceramist.com\/\",\"name\":\"Laurent Petit\",\"description\":\"Sculpteur c\u00e9ramiste\",\"publisher\":{\"@id\":\"https:\/\/laurentpetitceramist.com\/#organization\"},\"potentialAction\":[{\"@type\":\"SearchAction\",\"target\":{\"@type\":\"EntryPoint\",\"urlTemplate\":\"https:\/\/laurentpetitceramist.com\/?s={search_term_string}\"},\"query-input\":\"required name=search_term_string\"}],\"inLanguage\":\"fr-FR\"},{\"@type\":\"Organization\",\"@id\":\"https:\/\/laurentpetitceramist.com\/#organization\",\"name\":\"Laurent Petit\",\"url\":\"https:\/\/laurentpetitceramist.com\/\",\"logo\":{\"@type\":\"ImageObject\",\"inLanguage\":\"fr-FR\",\"@id\":\"https:\/\/laurentpetitceramist.com\/#\/schema\/logo\/image\/\",\"url\":\"https:\/\/laurentpetitceramist.com\/wp-content\/uploads\/2023\/05\/logo-avec-sceau.png\",\"contentUrl\":\"https:\/\/laurentpetitceramist.com\/wp-content\/uploads\/2023\/05\/logo-avec-sceau.png\",\"width\":876,\"height\":187,\"caption\":\"Laurent Petit\"},\"image\":{\"@id\":\"https:\/\/laurentpetitceramist.com\/#\/schema\/logo\/image\/\"}}]}<\/script>\n<!-- \/ Yoast SEO plugin. -->","yoast_head_json":{"title":"Cr\u00e9dits - Laurent Petit","robots":{"index":"index","follow":"follow","max-snippet":"max-snippet:-1","max-image-preview":"max-image-preview:large","max-video-preview":"max-video-preview:-1"},"canonical":"https:\/\/laurentpetitceramist.com\/?page_id=5570","og_locale":"fr_FR","og_type":"article","og_title":"Cr\u00e9dits - Laurent Petit","og_description":"\u00c9quipe de r\u00e9alisation du site Photographies Photos in situ : Nathalie GUYON Photo d&rsquo;exposition \u00e0 la Piscine : Antony GIRARDI Photos studio : Pascal VANGYSEL Conseils graphiques Pierrick JADAUD \u2013 L\u2019Atelier sur la Colline Expertise Technique Rapha\u00ebl THIRY \u2013 Avelook Architecture de l\u2019information et r\u00e9alisation du site Laurence BERNA-LIBAULT \u2013 Association MOI ET LES M\u00c9DIAS","og_url":"https:\/\/laurentpetitceramist.com\/?page_id=5570","og_site_name":"Laurent Petit","article_modified_time":"2023-05-11T08:35:29+00:00","twitter_card":"summary_large_image","schema":{"@context":"https:\/\/schema.org","@graph":[{"@type":"WebPage","@id":"https:\/\/laurentpetitceramist.com\/?page_id=5570","url":"https:\/\/laurentpetitceramist.com\/?page_id=5570","name":"Cr\u00e9dits - Laurent Petit","isPartOf":{"@id":"https:\/\/laurentpetitceramist.com\/#website"},"datePublished":"2022-09-06T09:17:01+00:00","dateModified":"2023-05-11T08:35:29+00:00","breadcrumb":{"@id":"https:\/\/laurentpetitceramist.com\/?page_id=5570#breadcrumb"},"inLanguage":"fr-FR","potentialAction":[{"@type":"ReadAction","target":["https:\/\/laurentpetitceramist.com\/?page_id=5570"]}]},{"@type":"BreadcrumbList","@id":"https:\/\/laurentpetitceramist.com\/?page_id=5570#breadcrumb","itemListElement":[{"@type":"ListItem","position":1,"name":"Accueil","item":"https:\/\/laurentpetitceramist.com\/"},{"@type":"ListItem","position":2,"name":"Cr\u00e9dits"}]},{"@type":"WebSite","@id":"https:\/\/laurentpetitceramist.com\/#website","url":"https:\/\/laurentpetitceramist.com\/","name":"Laurent Petit","description":"Sculpteur c\u00e9ramiste","publisher":{"@id":"https:\/\/laurentpetitceramist.com\/#organization"},"potentialAction":[{"@type":"SearchAction","target":{"@type":"EntryPoint","urlTemplate":"https:\/\/laurentpetitceramist.com\/?s={search_term_string}"},"query-input":"required name=search_term_string"}],"inLanguage":"fr-FR"},{"@type":"Organization","@id":"https:\/\/laurentpetitceramist.com\/#organization","name":"Laurent Petit","url":"https:\/\/laurentpetitceramist.com\/","logo":{"@type":"ImageObject","inLanguage":"fr-FR","@id":"https:\/\/laurentpetitceramist.com\/#\/schema\/logo\/image\/","url":"https:\/\/laurentpetitceramist.com\/wp-content\/uploads\/2023\/05\/logo-avec-sceau.png","contentUrl":"https:\/\/laurentpetitceramist.com\/wp-content\/uploads\/2023\/05\/logo-avec-sceau.png","width":876,"height":187,"caption":"Laurent Petit"},"image":{"@id":"https:\/\/laurentpetitceramist.com\/#\/schema\/logo\/image\/"}}]}},"_links":{"self":[{"href":"https:\/\/laurentpetitceramist.com\/index.php?rest_route=\/wp\/v2\/pages\/5570","targetHints":{"allow":["GET"]}}],"collection":[{"href":"https:\/\/laurentpetitceramist.com\/index.php?rest_route=\/wp\/v2\/pages"}],"about":[{"href":"https:\/\/laurentpetitceramist.com\/index.php?rest_route=\/wp\/v2\/types\/page"}],"author":[{"embeddable":true,"href":"https:\/\/laurentpetitceramist.com\/index.php?rest_route=\/wp\/v2\/users\/2"}],"replies":[{"embeddable":true,"href":"https:\/\/laurentpetitceramist.com\/index.php?rest_route=%2Fwp%2Fv2%2Fcomments&post=5570"}],"version-history":[{"count":19,"href":"https:\/\/laurentpetitceramist.com\/index.php?rest_route=\/wp\/v2\/pages\/5570\/revisions"}],"predecessor-version":[{"id":6167,"href":"https:\/\/laurentpetitceramist.com\/index.php?rest_route=\/wp\/v2\/pages\/5570\/revisions\/6167"}],"wp:attachment":[{"href":"https:\/\/laurentpetitceramist.com\/index.php?rest_route=%2Fwp%2Fv2%2Fmedia&parent=5570"}],"curies":[{"name":"wp","href":"https:\/\/api.w.org\/{rel}","templated":true}]}}